{"id":46,"date":"2023-11-26T04:13:16","date_gmt":"2023-11-26T04:13:16","guid":{"rendered":"https:\/\/guerreromovingservices.com\/about\/"},"modified":"2024-03-21T22:44:08","modified_gmt":"2024-03-21T22:44:08","slug":"about","status":"publish","type":"page","link":"https:\/\/guerreromovingservices.com\/es\/about\/","title":{"rendered":"Acerca de Nosotros"},"content":{"rendered":"<section id=\"gm29b495e\" class=\"wp-block-gutentor-m3 alignfull section-gm29b495e gutentor-module gutentor-container-cover has-image-bg has-custom-bg has-gutentor-overlay\"><div class=\"grid-container\">\n<div style=\"height:80px\" aria-hidden=\"true\" class=\"wp-block-spacer\"><\/div>\n\n\n\n<section id=\"gmc0a1380\" class=\"wp-block-gutentor-m4 alignfull section-gmc0a1380 gutentor-module gutentor-advanced-columns width600 center\"><div class=\"grid-container\"><div class=\"grid-row\">\n<div id=\"col-gmfdf2f5\" class=\"wp-block-gutentor-m4-col col-gmfdf2f5 gutentor-single-column  grid-lg-12 grid-md-12 grid-12\"><div id=\"section-gmfdf2f5\" class=\"section-gmfdf2f5 gutentor-col-wrap\">\n<h1 class=\"wp-block-heading has-text-align-center has-white-color has-text-color has-link-color wp-elements-f285712fa64eb7367c7e6e95291d5083\" style=\"font-size:56px\">About Us<\/h1>\n\n\n\n<div style=\"height:5px\" aria-hidden=\"true\" class=\"wp-block-spacer\"><\/div>\n\n\n<div class=\"wp-block-coblocks-shape-divider alignfull is-style-triangle is-vertically-flipped mt-0 mb-0\" style=\"color: #0066cc\" aria-hidden=\"true\">\n\t\t\t<div class=\"wp-block-coblocks-shape-divider__svg-wrapper\" style=\"height:15px\">\n\t\t\t\t<svg class=\"divider--triangle\" viewbox=\"0 0 100 100\" xmlns=\"http:\/\/www.w3.org\/2000\/svg\" preserveaspectratio=\"none\"><path d=\"m0 0 50 100 50-100z\" transform=\"matrix(1 0 0 -1 0 100)\" \/><\/svg>\n\t\t\t<\/div>\n\t\t\t<div class=\"wp-block-coblocks-shape-divider__alt-wrapper\" style=\"height:2px\"><\/div>\n\t\t<\/div>\n\n\n<div style=\"height:30px\" aria-hidden=\"true\" class=\"wp-block-spacer\"><\/div>\n<\/div><\/div>\n<\/div><\/div><\/section>\n\n\n\n<div style=\"height:40px\" aria-hidden=\"true\" class=\"wp-block-spacer\"><\/div>\n\n\n<div class=\"wp-block-coblocks-shape-divider alignfull is-style-triangle mt-0 mb-0\" style=\"color: #0066cc\" aria-hidden=\"true\">\n\t\t\t<div class=\"wp-block-coblocks-shape-divider__svg-wrapper\" style=\"height:15px\">\n\t\t\t\t<svg class=\"divider--triangle\" viewbox=\"0 0 100 100\" xmlns=\"http:\/\/www.w3.org\/2000\/svg\" preserveaspectratio=\"none\"><path d=\"m0 0 50 100 50-100z\" transform=\"matrix(1 0 0 -1 0 100)\" \/><\/svg>\n\t\t\t<\/div>\n\t\t\t<div class=\"wp-block-coblocks-shape-divider__alt-wrapper\" style=\"height:5px\"><\/div>\n\t\t<\/div><\/div><\/section>\n\n\n<div class=\"wp-block-coblocks-shape-divider alignfull is-style-triangle is-vertically-flipped mt-0 mb-0\" style=\"color: #0066cc;\" aria-hidden=\"true\">\n\t\t\t<div class=\"wp-block-coblocks-shape-divider__svg-wrapper\" style=\"height:15px;\">\n\t\t\t\t<svg class=\"divider--triangle\" viewbox=\"0 0 100 100\" xmlns=\"http:\/\/www.w3.org\/2000\/svg\" preserveaspectratio=\"none\"><path d=\"m0 0 50 100 50-100z\" fillrule=\"evenodd\" transform=\"matrix(1 0 0 -1 0 100)\" \/><\/svg>\n\t\t\t<\/div>\n\t\t\t<div class=\"wp-block-coblocks-shape-divider__alt-wrapper\" style=\"height:15px;\"><\/div>\n\t\t<\/div>\n\n\n<section id=\"gm4bd8f60\" class=\"wp-block-gutentor-m3 section-gm4bd8f60 gutentor-module gutentor-container-cover\"><div class=\"grid-container\">\n<div style=\"height:40px\" aria-hidden=\"true\" class=\"wp-block-spacer\"><\/div>\n\n\n\n<h2 class=\"wp-block-heading has-text-align-center has-custom-weight has-custom-transform\" style=\"font-weight:bold;text-transform:uppercase;font-size:40px\">\u00bfQui\u00e9nes somos?<\/h2>\n\n\n\n<div style=\"height:5px\" aria-hidden=\"true\" class=\"wp-block-spacer\"><\/div>\n<\/div><\/section>\n\n\n\n<section id=\"gm92627f3\" class=\"wp-block-gutentor-m4 alignwide section-gm92627f3 gutentor-module gutentor-advanced-columns\"><div class=\"grid-container\"><div class=\"grid-row\">\n<div id=\"col-gm7accda\" class=\"wp-block-gutentor-m4-col col-gm7accda gutentor-single-column  grid-lg-12 grid-md-12 grid-12\"><div id=\"section-gm7accda\" class=\"section-gm7accda gutentor-col-wrap\">\n<section id=\"gm7a32ccd\" class=\"wp-block-gutentor-m3 section-gm7a32ccd gutentor-module gutentor-container-cover\"><div class=\"grid-container\">\n<div style=\"height:10px\" aria-hidden=\"true\" class=\"wp-block-spacer\"><\/div>\n\n\n\n<h2 class=\"wp-block-heading has-text-align-center has-custom-lineheight\" style=\"line-height:2.11;font-size:16px\">En Guerrero Moving Services entendemos que mudarse puede ser una molestia pero es por eso que estamos aqu\u00ed. Para crear una experiencia perfecta que alivie todo el estr\u00e9s. Somos una peque\u00f1a empresa con experiencia de m\u00e1s de 20 a\u00f1os. Hemos trabajado con innumerables empresas de puesta en escena, somos expertos en reparto y recogida a domicilio. Ofrecemos precios razonables para todos nuestros servicios. Si est\u00e1 buscando una empresa de mudanzas que realmente cuide sus art\u00edculos y la maneje adecuadamente, la tiene aqu\u00ed. Siempre prestamos atenci\u00f3n a los detalles y entendemos el valor de sus art\u00edculos. <\/h2>\n\n\n\n<h2 class=\"wp-block-heading has-text-align-center has-custom-lineheight\" style=\"line-height:2.11;font-size:16px\">Estaremos m\u00e1s que felices de ayudarlo en su nuevo viaje hacia su pr\u00f3xima mudanza u otros proyectos si est\u00e1n cubiertos a trav\u00e9s de nuestros servicios. A medida que crecemos, buscamos asociarnos con nuevas empresas de transporte, embalaje o industrias similares para ayudarlas mejor en sus esfuerzos mensuales. &nbsp;<\/h2>\n\n\n\n<div style=\"height:50px\" aria-hidden=\"true\" class=\"wp-block-spacer\"><\/div>\n<\/div><\/section>\n<\/div><\/div>\n<\/div><\/div><\/section>\n\n\n\n<div style=\"height:40px\" aria-hidden=\"true\" class=\"wp-block-spacer\"><\/div>\n\n\n\n<section id=\"gm26ff3b8\" class=\"wp-block-gutentor-m3 section-gm26ff3b8 gutentor-module gutentor-container-cover\"><div class=\"grid-container\">\n<div style=\"height:10px\" aria-hidden=\"true\" class=\"wp-block-spacer\"><\/div>\n\n\n\n<h2 class=\"wp-block-heading has-text-align-center has-custom-weight has-custom-transform\" style=\"font-weight:bold;text-transform:uppercase;font-size:40px\">OUR VALUES<\/h2>\n\n\n\n<div style=\"height:20px\" aria-hidden=\"true\" class=\"wp-block-spacer\"><\/div>\n<\/div><\/section>\n\n\n\n<section id=\"gmedffc7d\" class=\"wp-block-gutentor-m4 alignfull section-gmedffc7d gutentor-module gutentor-advanced-columns width1500 center\"><div class=\"grid-container\"><div class=\"grid-row\">\n<div id=\"col-gm8a62d8\" class=\"wp-block-gutentor-m4-col col-gm8a62d8 gutentor-single-column  grid-lg-2m3 grid-md-12 grid-12\"><div id=\"section-gm8a62d8\" class=\"section-gm8a62d8 gutentor-col-wrap\">\n<section id=\"section-72cdbeba-df72-4ba7-8271-8fbb623dd7cc\" class=\"wp-block-gutentor-accordion gutentor-section gutentor-accordion-wrapper accordion-template1 figure\"><div class=\"grid-container\"><div class=\"grid-row gutentor-grid-item-wrap\"><div class=\"grid-md-12\"><div class=\"gutentor-accordion-wrap\"><div class=\"gutentor-single-item gutentor-single-item-0\"><div class=\"gutentor-single-item-wrap\"><div class=\"gutentor-accordion-heading\"><i class=\"gutentor-accordion-icon open-icon fas fa-plus\"><\/i><i class=\"gutentor-accordion-icon close-icon fas fa-minus\"><\/i><h3 class=\"gutentor-single-item-title\"><strong>FIABILIDAD<\/strong><\/h3><\/div><div class=\"gutentor-accordion-body\"><p class=\"gutentor-single-item-desc\"><strong>Comunicaci\u00f3n constante sobre cada etapa de la mudanza. Se le notificar\u00e1 sobre el progreso de su mudanza si surge algo. Siempre puedes contactarnos con cualquier pregunta o inquietud.\u00a0<\/strong><\/p><\/div><\/div><\/div><\/div><\/div><\/div><\/div><\/section>\n\n\n\n<div style=\"height:20px\" aria-hidden=\"true\" class=\"wp-block-spacer\"><\/div>\n<\/div><\/div>\n\n\n\n<div id=\"col-gm5e009a\" class=\"wp-block-gutentor-m4-col col-gm5e009a gutentor-single-column  grid-lg-2m3 grid-md-12 grid-12\"><div id=\"section-gm5e009a\" class=\"section-gm5e009a gutentor-col-wrap\">\n<section id=\"section-f8b7f927-0aff-4a50-982c-3231dd471131\" class=\"wp-block-gutentor-accordion gutentor-section gutentor-accordion-wrapper accordion-template1 figure\"><div class=\"grid-container\"><div class=\"grid-row gutentor-grid-item-wrap\"><div class=\"grid-md-12\"><div class=\"gutentor-accordion-wrap\"><div class=\"gutentor-single-item gutentor-single-item-0\"><div class=\"gutentor-single-item-wrap\"><div class=\"gutentor-accordion-heading\"><i class=\"gutentor-accordion-icon open-icon fas fa-plus\"><\/i><i class=\"gutentor-accordion-icon close-icon fas fa-minus\"><\/i><h3 class=\"gutentor-single-item-title\"><strong>ENFOQUE AL CLIENTE<\/strong><\/h3><\/div><div class=\"gutentor-accordion-body\"><p class=\"gutentor-single-item-desc\"><strong>Comprender las necesidades e inquietudes de cada cliente para brindar nuestros servicios en consecuencia. Cada mudanza es \u00fanica, entendemos que puedas tener una solicitud espec\u00edfica, comun\u00edcate con nosotros para que podamos hacer realidad tu visi\u00f3n.\u00a0<br><\/strong><br><\/p><\/div><\/div><\/div><\/div><\/div><\/div><\/div><\/section>\n\n\n\n<div style=\"height:20px\" aria-hidden=\"true\" class=\"wp-block-spacer\"><\/div>\n<\/div><\/div>\n\n\n\n<div id=\"col-gmaeba3b\" class=\"wp-block-gutentor-m4-col col-gmaeba3b gutentor-single-column  grid-lg-2m3 grid-md-12 grid-12\"><div id=\"section-gmaeba3b\" class=\"section-gmaeba3b gutentor-col-wrap\">\n<section id=\"section-61801278-5977-4db5-8b30-562255540692\" class=\"wp-block-gutentor-accordion gutentor-section gutentor-accordion-wrapper accordion-template1 figure\"><div class=\"grid-container\"><div class=\"grid-row gutentor-grid-item-wrap\"><div class=\"grid-md-12\"><div class=\"gutentor-accordion-wrap\"><div class=\"gutentor-single-item gutentor-single-item-0\"><div class=\"gutentor-single-item-wrap\"><div class=\"gutentor-accordion-heading\"><i class=\"gutentor-accordion-icon open-icon fas fa-plus\"><\/i><i class=\"gutentor-accordion-icon close-icon fas fa-minus\"><\/i><h3 class=\"gutentor-single-item-title\"><strong>PROFESIONALISMO<\/strong><\/h3><\/div><div class=\"gutentor-accordion-body\"><p class=\"gutentor-single-item-desc\"><strong>Manejar cualquier situaci\u00f3n inesperada y encontrar soluciones que prioricen la satisfacci\u00f3n del cliente. En todo momento se utilizan materiales y t\u00e9cnicas adecuadas. Cuente con nosotros para atenderle profesionalmente.\u00a0<\/strong><\/p><\/div><\/div><\/div><\/div><\/div><\/div><\/div><\/section>\n\n\n\n<div style=\"height:20px\" aria-hidden=\"true\" class=\"wp-block-spacer\"><\/div>\n<\/div><\/div>\n\n\n\n<div id=\"col-gm3f9d3f\" class=\"wp-block-gutentor-m4-col col-gm3f9d3f gutentor-single-column  grid-lg-2m3 grid-md-12 grid-12\"><div id=\"section-gm3f9d3f\" class=\"section-gm3f9d3f gutentor-col-wrap\">\n<section id=\"section-ff2ccdb5-b24f-4f5b-8b33-30a0d68de72e\" class=\"wp-block-gutentor-accordion gutentor-section gutentor-accordion-wrapper accordion-template1 figure\"><div class=\"grid-container\"><div class=\"grid-row gutentor-grid-item-wrap\"><div class=\"grid-md-12\"><div class=\"gutentor-accordion-wrap\"><div class=\"gutentor-single-item gutentor-single-item-0\"><div class=\"gutentor-single-item-wrap\"><div class=\"gutentor-accordion-heading\"><i class=\"gutentor-accordion-icon open-icon fas fa-plus\"><\/i><i class=\"gutentor-accordion-icon close-icon fas fa-minus\"><\/i><h3 class=\"gutentor-single-item-title\">PASION<\/h3><\/div><div class=\"gutentor-accordion-body\"><p class=\"gutentor-single-item-desc\"><strong>Garantizar que todas las pertenencias del cliente est\u00e9n seguras y comprender el valor sentimental de ciertos art\u00edculos. Queremos asegurarnos de que todas sus pertenencias que tienen tanto valor y recuerdos lleguen de manera segura a su pr\u00f3ximo destino.<\/strong><\/p><\/div><\/div><\/div><\/div><\/div><\/div><\/div><\/section>\n\n\n\n<div style=\"height:20px\" aria-hidden=\"true\" class=\"wp-block-spacer\"><\/div>\n<\/div><\/div>\n\n\n\n<div id=\"col-gme3e4d0\" class=\"wp-block-gutentor-m4-col col-gme3e4d0 gutentor-single-column  grid-lg-2m3 grid-md-12 grid-12\"><div id=\"section-gme3e4d0\" class=\"section-gme3e4d0 gutentor-col-wrap\">\n<section id=\"section-02538b69-a4e7-44bc-80b2-433fccf245a0\" class=\"wp-block-gutentor-accordion gutentor-section gutentor-accordion-wrapper accordion-template1 figure\"><div class=\"grid-container\"><div class=\"grid-row gutentor-grid-item-wrap\"><div class=\"grid-md-12\"><div class=\"gutentor-accordion-wrap\"><div class=\"gutentor-single-item gutentor-single-item-0\"><div class=\"gutentor-single-item-wrap\"><div class=\"gutentor-accordion-heading\"><i class=\"gutentor-accordion-icon open-icon fas fa-plus\"><\/i><i class=\"gutentor-accordion-icon close-icon fas fa-minus\"><\/i><h3 class=\"gutentor-single-item-title\"><strong>EFICIENCIA<\/strong><\/h3><\/div><div class=\"gutentor-accordion-body\"><p class=\"gutentor-single-item-desc\"><strong>Desarrollar procedimientos de embalaje, carga, transporte y descarga, as\u00ed como cumplir con los plazos. Con nuestros a\u00f1os de experiencia, todas tus pertenencias siempre estar\u00e1n empacadas de manera eficiente y organizada.<\/strong><\/p><\/div><\/div><\/div><\/div><\/div><\/div><\/div><\/section>\n\n\n\n<div style=\"height:20px\" aria-hidden=\"true\" class=\"wp-block-spacer\"><\/div>\n<\/div><\/div>\n<\/div><\/div><\/section>\n\n\n\n<section id=\"gmf88f24b\" class=\"wp-block-gutentor-m3 alignfull section-gmf88f24b gutentor-module gutentor-container-cover has-image-bg has-custom-bg has-gutentor-overlay\"><div class=\"grid-container\"><div class=\"wp-block-coblocks-shape-divider is-style-triangle has-white-color is-vertically-flipped mt-0 mb-0\" aria-hidden=\"true\">\n\t\t\t<div class=\"wp-block-coblocks-shape-divider__svg-wrapper\" style=\"height:40px\">\n\t\t\t\t<svg class=\"divider--triangle\" viewbox=\"0 0 100 100\" xmlns=\"http:\/\/www.w3.org\/2000\/svg\" preserveaspectratio=\"none\"><path d=\"m0 0 50 100 50-100z\" transform=\"matrix(1 0 0 -1 0 100)\" \/><\/svg>\n\t\t\t<\/div>\n\t\t\t<div class=\"wp-block-coblocks-shape-divider__alt-wrapper\" style=\"height:40px\"><\/div>\n\t\t<\/div>\n\n\n<div style=\"height:40px\" aria-hidden=\"true\" class=\"wp-block-spacer\"><\/div>\n\n\n\n<div style=\"height:50px\" aria-hidden=\"true\" class=\"wp-block-spacer\"><\/div>\n\n\n\n<section id=\"gm29d5046\" class=\"wp-block-gutentor-m4 section-gm29d5046 gutentor-module gutentor-advanced-columns width1000 center\"><div class=\"grid-container\"><div class=\"grid-row\">\n<div id=\"col-gmf7fa6d\" class=\"wp-block-gutentor-m4-col col-gmf7fa6d gutentor-single-column  grid-lg-3 grid-md-12 grid-12\"><div id=\"section-gmf7fa6d\" class=\"section-gmf7fa6d gutentor-col-wrap\">\n<h1 class=\"wp-block-heading has-white-color has-text-color has-link-color wp-elements-a81dc4621219cdc42a3499873f87ef3e\" style=\"font-size:32px\">MISI\u00d3N<\/h1>\n<\/div><\/div>\n\n\n\n<div id=\"col-gm051e6a\" class=\"wp-block-gutentor-m4-col col-gm051e6a gutentor-single-column  grid-lg-9 grid-md-12 grid-12\"><div id=\"section-gm051e6a\" class=\"section-gm051e6a gutentor-col-wrap\">\n<h2 class=\"wp-block-heading has-white-color has-text-color has-link-color wp-elements-06091e80f14f9f7746e6fb9f93e04588\">Ayudar a las personas y las familias a mudarse sin problemas ofreciendo servicios de mudanzas confiables, anteponiendo la profesionalidad y la atenci\u00f3n. Proporcionamos soluciones en cada paso del camino. Ayudamos a reducir el estr\u00e9s que conlleva la mudanza y ofrecemos transiciones f\u00e1ciles para cada cliente hacia sus nuevos comienzos.&nbsp;<\/h2>\n<\/div><\/div>\n<\/div><\/div><\/section>\n\n\n\n<section id=\"gmaa11c59\" class=\"wp-block-gutentor-m4 section-gmaa11c59 gutentor-module gutentor-advanced-columns width1400 center\"><div class=\"grid-container\"><div class=\"grid-row\">\n<div id=\"col-gm4d9622\" class=\"wp-block-gutentor-m4-col col-gm4d9622 gutentor-single-column  grid-lg-12 grid-md-12 grid-12\"><div id=\"section-gm4d9622\" class=\"section-gm4d9622 gutentor-col-wrap\">\n<div style=\"height:40px\" aria-hidden=\"true\" class=\"wp-block-spacer\"><\/div>\n\n\n<div class=\"wp-block-coblocks-shape-divider alignfull is-style-triangle mt-0 mb-0\" style=\"color: #0066cc\" aria-hidden=\"true\">\n\t\t\t<div class=\"wp-block-coblocks-shape-divider__svg-wrapper\" style=\"height:15px\">\n\t\t\t\t<svg class=\"divider--triangle\" viewbox=\"0 0 100 100\" xmlns=\"http:\/\/www.w3.org\/2000\/svg\" preserveaspectratio=\"none\"><path d=\"m0 0 50 100 50-100z\" transform=\"matrix(1 0 0 -1 0 100)\" \/><\/svg>\n\t\t\t<\/div>\n\t\t\t<div class=\"wp-block-coblocks-shape-divider__alt-wrapper\" style=\"height:2px\"><\/div>\n\t\t<\/div>\n\n<div class=\"wp-block-coblocks-shape-divider alignfull is-style-triangle is-vertically-flipped mt-0 mb-0\" style=\"color: #0066cc\" aria-hidden=\"true\">\n\t\t\t<div class=\"wp-block-coblocks-shape-divider__svg-wrapper\" style=\"height:15px\">\n\t\t\t\t<svg class=\"divider--triangle\" viewbox=\"0 0 100 100\" xmlns=\"http:\/\/www.w3.org\/2000\/svg\" preserveaspectratio=\"none\"><path d=\"m0 0 50 100 50-100z\" transform=\"matrix(1 0 0 -1 0 100)\" \/><\/svg>\n\t\t\t<\/div>\n\t\t\t<div class=\"wp-block-coblocks-shape-divider__alt-wrapper\" style=\"height:2px\"><\/div>\n\t\t<\/div>\n\n\n<div style=\"height:50px\" aria-hidden=\"true\" class=\"wp-block-spacer\"><\/div>\n<\/div><\/div>\n<\/div><\/div><\/section>\n\n\n\n<section id=\"gmd083e2e\" class=\"wp-block-gutentor-m4 section-gmd083e2e gutentor-module gutentor-advanced-columns width1000 center\"><div class=\"grid-container\"><div class=\"grid-row\">\n<div id=\"col-gmc23fc8\" class=\"wp-block-gutentor-m4-col col-gmc23fc8 gutentor-single-column  grid-lg-3 grid-md-12 grid-12\"><div id=\"section-gmc23fc8\" class=\"section-gmc23fc8 gutentor-col-wrap\">\n<h1 class=\"wp-block-heading has-white-color has-text-color has-link-color wp-elements-6266016ac562d78a3736791d670ada63\" style=\"font-size:32px\">VISI\u00d3N<\/h1>\n<\/div><\/div>\n\n\n\n<div id=\"col-gm90d5c0\" class=\"wp-block-gutentor-m4-col col-gm90d5c0 gutentor-single-column  grid-lg-9 grid-md-12 grid-12\"><div id=\"section-gm90d5c0\" class=\"section-gm90d5c0 gutentor-col-wrap\">\n<h2 class=\"wp-block-heading has-white-color has-text-color has-link-color wp-elements-82d41142e175603e627e7814e8c33c35\">Nuestro objetivo es ser reconocidos por nuestra confiabilidad, satisfacci\u00f3n del cliente, atenci\u00f3n y compromiso con la excelencia. Nuestro prop\u00f3sito es asegurarnos de que nuestros clientes est\u00e9n contentos y garantizar negocios confiables. Valoramos mucho a nuestros clientes y prometemos hacer que su mudanza sea sin complicaciones. La mudanza comienza un nuevo cap\u00edtulo, un nuevo viaje, una nueva historia de vida. Perm\u00edtanos ayudarle a crear su pr\u00f3ximo paso y nosotros nos encargaremos del resto.<\/h2>\n<\/div><\/div>\n<\/div><\/div><\/section>\n\n\n\n<div style=\"height:20px\" aria-hidden=\"true\" class=\"wp-block-spacer\"><\/div>\n\n\n<div class=\"wp-block-coblocks-shape-divider is-style-waves is-horizontally-flipped mt-0 mb-0\" style=\"color: #222222\" aria-hidden=\"true\">\n\t\t\t<div class=\"wp-block-coblocks-shape-divider__svg-wrapper\" style=\"height:100px\">\n\t\t\t\t<svg class=\"divider--waves\" fill=\"\" xmlns=\"http:\/\/www.w3.org\/2000\/svg\" viewbox=\"0 0 1000 300\" preserveaspectratio=\"none\"><path d=\"M 1000 299 l 2 -279 c -155 -36 -310 135 -415 164 c -102.64 28.35 -149 -32 -232 -31 c -80 1 -142 53 -229 80 c -65.54 20.34 -101 15 -126 11.61 v 54.39 z\"><\/path><path d=\"M 1000 286 l 2 -252 c -157 -43 -302 144 -405 178 c -101.11 33.38 -159 -47 -242 -46 c -80 1 -145.09 54.07 -229 87 c -65.21 25.59 -104.07 16.72 -126 10.61 v 22.39 z\"><\/path><path d=\"M 1000 300 l 1 -230.29 c -217 -12.71 -300.47 129.15 -404 156.29 c -103 27 -174 -30 -257 -29 c -80 1 -130.09 37.07 -214 70 c -61.23 24 -108 15.61 -126 10.61 v 22.39 z\"><\/path><\/svg>\n\t\t\t<\/div>\n\t\t\t<div class=\"wp-block-coblocks-shape-divider__alt-wrapper\" style=\"height:12px\"><\/div>\n\t\t<\/div><\/div><\/section>","protected":false},"excerpt":{"rendered":"","protected":false},"author":1,"featured_media":0,"parent":0,"menu_order":0,"comment_status":"closed","ping_status":"closed","template":"template-gutentor-full-width.php","meta":{"_coblocks_attr":"","_coblocks_dimensions":"","_coblocks_responsive_height":"","_coblocks_accordion_ie_support":"","_glsr_average":0,"_glsr_ranking":0,"_glsr_reviews":0,"footnotes":""},"class_list":["post-46","page","type-page","status-publish","hentry","entry"],"_links":{"self":[{"href":"https:\/\/guerreromovingservices.com\/es\/wp-json\/wp\/v2\/pages\/46","targetHints":{"allow":["GET"]}}],"collection":[{"href":"https:\/\/guerreromovingservices.com\/es\/wp-json\/wp\/v2\/pages"}],"about":[{"href":"https:\/\/guerreromovingservices.com\/es\/wp-json\/wp\/v2\/types\/page"}],"author":[{"embeddable":true,"href":"https:\/\/guerreromovingservices.com\/es\/wp-json\/wp\/v2\/users\/1"}],"replies":[{"embeddable":true,"href":"https:\/\/guerreromovingservices.com\/es\/wp-json\/wp\/v2\/comments?post=46"}],"version-history":[{"count":22,"href":"https:\/\/guerreromovingservices.com\/es\/wp-json\/wp\/v2\/pages\/46\/revisions"}],"predecessor-version":[{"id":379,"href":"https:\/\/guerreromovingservices.com\/es\/wp-json\/wp\/v2\/pages\/46\/revisions\/379"}],"wp:attachment":[{"href":"https:\/\/guerreromovingservices.com\/es\/wp-json\/wp\/v2\/media?parent=46"}],"curies":[{"name":"wp","href":"https:\/\/api.w.org\/{rel}","templated":true}]}}