{"id":317,"date":"2024-03-20T13:10:56","date_gmt":"2024-03-20T13:10:56","guid":{"rendered":"https:\/\/guerreromovingservices.com\/?page_id=317"},"modified":"2024-03-21T11:54:07","modified_gmt":"2024-03-21T11:54:07","slug":"terms-of-service","status":"publish","type":"page","link":"https:\/\/guerreromovingservices.com\/es\/terms-of-service\/","title":{"rendered":"T\u00e9rminos de servicio"},"content":{"rendered":"<div style=\"height:100px\" aria-hidden=\"true\" class=\"wp-block-spacer\"><\/div>\n\n\n\n<section id=\"gmd600f62\" class=\"wp-block-gutentor-m3 section-gmd600f62 gutentor-module gutentor-container-cover\"><div class=\"grid-container\">\n<div style=\"height:10px\" aria-hidden=\"true\" class=\"wp-block-spacer\"><\/div>\n\n\n\n<h3 class=\"wp-block-heading has-text-align-center has-custom-weight has-custom-transform\" style=\"font-weight:bold;text-transform:uppercase;font-size:40px\">T\u00e9rminos de servicio y condiciones<\/h3>\n\n\n\n<div style=\"height:35px\" aria-hidden=\"true\" class=\"wp-block-spacer\"><\/div>\n<\/div><\/section>\n\n\n\n<section id=\"gmf50d747\" class=\"wp-block-gutentor-m3 section-gmf50d747 gutentor-module gutentor-container-cover width1000 center\"><div class=\"grid-container\">\n<div style=\"height:10px\" aria-hidden=\"true\" class=\"wp-block-spacer\"><\/div>\n\n\n\n<h4 class=\"wp-block-heading\">Bienvenido. Guerrero Moving Services* (\u201cnosotros\u201d, \u201cnos\u201d, \u201cnuestro\u201d) le brinda caracter\u00edsticas del sitio web y otros productos y servicios cuando visita el siguiente sitio web: <a href=\"https:\/\/guerreromovingservices.com\/es\/\" data-type=\"link\" data-id=\"www.guerreromovingservices.com\">www.guerreromovingservices.com<\/a>.<\/h4>\n\n\n\n<h6 class=\"wp-block-heading\">IMPORTANTE: estos T\u00e9rminos representan un acuerdo legal (\u201cAcuerdo\u201d) entre usted y nosotros que establece los t\u00e9rminos y condiciones legales para su acceso y uso de los Servicios. Cuando utiliza un Servicio, tambi\u00e9n puede estar sujeto a todas las pautas, t\u00e9rminos y acuerdos aplicables a ese Servicio (\u201cT\u00e9rminos del Servicio\u201d). Si este Acuerdo es incompatible con los T\u00e9rminos de servicio, prevalecer\u00e1n esos T\u00e9rminos de servicio. Se puede descargar, guardar e imprimir una copia de este Acuerdo para su referencia.<br><br>Lea atentamente este Acuerdo antes de utilizar los Servicios. Al utilizar los Servicios, usted acepta estar sujeto a los t\u00e9rminos de este Acuerdo. Si no est\u00e1 de acuerdo con todas las disposiciones de este Acuerdo, no acceda ni utilice los Servicios.<\/h6>\n\n\n\n<div style=\"height:30px\" aria-hidden=\"true\" class=\"wp-block-spacer\"><\/div>\n<\/div><\/section>\n\n\n\n<section id=\"gm06d211f\" class=\"wp-block-gutentor-m3 section-gm06d211f gutentor-module gutentor-container-cover width1000 center\"><div class=\"grid-container\">\n<div style=\"height:10px\" aria-hidden=\"true\" class=\"wp-block-spacer\"><\/div>\n\n\n\n<h4 class=\"wp-block-heading\">Condiciones de uso<\/h4>\n\n\n\n<h6 class=\"wp-block-heading\">Los Servicios se proporcionan \u00fanicamente para ayudarle a realizar transacciones comerciales con nosotros. Como condici\u00f3n para su uso de los Servicios, usted nos confirma y garantiza que cumple con todos los requisitos de elegibilidad aplicables establecidos en este Acuerdo y que tiene el derecho, la autoridad y la capacidad para celebrar este Acuerdo o, si es menor de edad. de mayor\u00eda en su jurisdicci\u00f3n de residencia, ha obtenido el consentimiento de su padre o tutor legal para este Acuerdo.<br><br>Cuando utiliza el servicio o nos env\u00eda correos electr\u00f3nicos, mensajes de texto y otras comunicaciones desde su computadora de escritorio o dispositivo m\u00f3vil, es posible que se comunique con nosotros electr\u00f3nicamente. Usted acepta recibir nuestras comunicaciones electr\u00f3nicamente, como correos electr\u00f3nicos, mensajes de texto, avisos push m\u00f3viles o avisos y mensajes a trav\u00e9s de este servicio y\/o a trav\u00e9s de otros de nuestros m\u00e9todos de comunicaci\u00f3n, y puede conservar copias de estas comunicaciones para sus registros.<br><br>Usted acepta que podemos cambiar o interrumpir los servicios a nuestro exclusivo criterio y sin previo aviso. Usted acepta que nuestra \u00fanica obligaci\u00f3n hacia usted es proporcionar el sitio web tal como est\u00e1 hasta que decidamos modificarlo o discontinuarlo. Usted acepta que, a menos que hagamos algo que sea (a) gravemente negligente, imprudente o un acto de conocimiento o mala conducta intencional o (b) una violaci\u00f3n de un estatuto de protecci\u00f3n al consumidor en relaci\u00f3n con el sitio web, no seremos responsables ante usted o a terceros por su uso del sitio web.<\/h6>\n\n\n\n<div style=\"height:30px\" aria-hidden=\"true\" class=\"wp-block-spacer\"><\/div>\n<\/div><\/section>\n\n\n\n<section id=\"gm06d152d\" class=\"wp-block-gutentor-m3 section-gm06d152d gutentor-module gutentor-container-cover width1000 center\"><div class=\"grid-container\">\n<div style=\"height:10px\" aria-hidden=\"true\" class=\"wp-block-spacer\"><\/div>\n\n\n\n<h4 class=\"wp-block-heading\">Protecciones de propiedad intelectual<\/h4>\n\n\n\n<h6 class=\"wp-block-heading\">Todo el contenido incluido o disponible a trav\u00e9s de cualquier Servicio, como texto, gr\u00e1ficos, logotipos, \u00edconos de botones, im\u00e1genes, clips de audio, descargas digitales, compilaciones de datos y Software es propiedad nuestra o de nuestros proveedores de contenido y est\u00e1 protegido por derechos de autor internacionales y de los Estados Unidos. leyes. La compilaci\u00f3n de todo el contenido incluido o disponible a trav\u00e9s de cualquier Servicio es de nuestra propiedad exclusiva.<br><br>Sujeto a su cumplimiento de este Acuerdo y a cualquier otro T\u00e9rminos de servicio aplicables, y al pago de cualquier tarifa aplicable, nosotros o nuestros proveedores de contenido le otorgamos una licencia limitada, no exclusiva, intransferible y no sublicenciable para acceder y realizar cambios personales y uso no comercial de los Servicios. <\/h6>\n\n\n\n<div style=\"height:30px\" aria-hidden=\"true\" class=\"wp-block-spacer\"><\/div>\n<\/div><\/section>\n\n\n\n<section id=\"gm3dd0986\" class=\"wp-block-gutentor-m3 section-gm3dd0986 gutentor-module gutentor-container-cover width1000 center\"><div class=\"grid-container\">\n<div style=\"height:10px\" aria-hidden=\"true\" class=\"wp-block-spacer\"><\/div>\n\n\n\n<h4 class=\"wp-block-heading\">Referente a cotizaciones<\/h4>\n\n\n\n<h6 class=\"wp-block-heading\"><br>Nosotros o los Proveedores podemos proporcionarle una estimaci\u00f3n de los cargos por nuestros Servicios de reubicaci\u00f3n, productos u otros servicios (una \u201cCotizaci\u00f3n\u201d). Los siguientes t\u00e9rminos se aplican a las Cotizaciones puestas a su disposici\u00f3n en relaci\u00f3n con los Servicios:<br><br>1) Nuestras Cotizaciones. En relaci\u00f3n con nuestros Servicios de reubicaci\u00f3n, nos reservamos el derecho de realizar un estudio visual de la propiedad que desea mudar y la(s) ubicaci\u00f3n(es) desde donde se nos entregar\u00e1 la propiedad.<br><br>2) No podemos confirmar ninguna Cotizaci\u00f3n recibida de nosotros hasta el momento en que usted confirme su pedido de nuestros Servicios de reubicaci\u00f3n de acuerdo con las instrucciones que le proporcionamos junto con esos documentos.&nbsp;<br><br>3) Cotizaciones de proveedores. De vez en cuando, ya sea a cambio o sin contraprestaci\u00f3n, podemos proporcionarle enlaces a sitios web, dominios, subdominios, sitios o aplicaciones m\u00f3viles de los Proveedores (los \u201cSitios de los Proveedores\u201d) donde puede optar por solicitar estimaciones de cargos de los Proveedores por sus Servicios de Proveedor, productos u otros servicios, como mudanzas locales\/intraestatales, seguros de propiedad, remoci\u00f3n de basura o m\u00e1s (una \u201cCotizaci\u00f3n del Proveedor\u201d).<\/h6>\n\n\n\n<div style=\"height:30px\" aria-hidden=\"true\" class=\"wp-block-spacer\"><\/div>\n<\/div><\/section>\n\n\n\n<section id=\"gm1b9c04a\" class=\"wp-block-gutentor-m3 section-gm1b9c04a gutentor-module gutentor-container-cover width1000 center\"><div class=\"grid-container\">\n<div style=\"height:10px\" aria-hidden=\"true\" class=\"wp-block-spacer\"><\/div>\n\n\n\n<h4 class=\"wp-block-heading\">Rese\u00f1as, comunicaciones y otro contenido<\/h4>\n\n\n\n<h6 class=\"wp-block-heading\"><br>Cuando est\u00e9 permitido, podr\u00e1 publicar rese\u00f1as, comentarios, fotograf\u00edas, v\u00eddeos y otro contenido; enviar correos electr\u00f3nicos y otras comunicaciones digitales o electr\u00f3nicas; y enviar sugerencias, ideas, comentarios, preguntas u otra informaci\u00f3n, siempre que el contenido no sea ilegal, obsceno, amenazante, difamatorio, invasivo de la privacidad, que infrinja los derechos de privacidad, los derechos de propiedad intelectual (incluidos los derechos de publicidad) o que de otro modo sea inconsistente. con las leyes aplicables, perjudiciales para terceros y\/o objetables.<br><br>Usted es totalmente responsable de c\u00f3mo utiliza este sitio web, incluidas, entre otras, cualquiera de sus comunicaciones. No puede compartir su informaci\u00f3n de inicio de sesi\u00f3n ni sus contrase\u00f1as con nadie m\u00e1s, pero si lo hace, tambi\u00e9n es totalmente responsable de c\u00f3mo utilizan el sitio web. Usted acepta indemnizar, defender y eximir de responsabilidad a los Asociados de WebTeam y los Proveedores y sus funcionarios, directores, empleados, proveedores de servicios, proveedores, afiliados, agentes, licenciantes y proveedores de y contra todos los reclamos, demandas, acciones, procedimientos, responsabilidades, p\u00e9rdidas, gastos, da\u00f1os y costos, incluidos los honorarios razonables de abogados, que surjan como resultado de Su comunicaci\u00f3n o que resulten de cualquier acto u omisi\u00f3n negligente o violaci\u00f3n por su parte de estos T\u00e9rminos.<\/h6>\n\n\n\n<div style=\"height:30px\" aria-hidden=\"true\" class=\"wp-block-spacer\"><\/div>\n<\/div><\/section>\n\n\n\n<section id=\"gm6faad78\" class=\"wp-block-gutentor-m3 section-gm6faad78 gutentor-module gutentor-container-cover width1000 center\"><div class=\"grid-container\">\n<div style=\"height:10px\" aria-hidden=\"true\" class=\"wp-block-spacer\"><\/div>\n\n\n\n<h4 class=\"wp-block-heading\">Limitaci\u00f3n en la responsabilidad<\/h4>\n\n\n\n<h6 class=\"wp-block-heading\"><br>COMO CONDICI\u00d3N DE SU USO DE ESTE SITIO WEB, USTED ACEPTA QUE NI LOS ASOCIADOS DE WEBTEAM, NI LOS PROVEEDORES, NI NINGUNO DE SUS AFILIADOS, LICENCIATARIOS, PROVEEDORES, DIRECTORES, FUNCIONARIOS, ACCIONISTAS, EMPLEADOS O AGENTES, SER\u00c1N RESPONSABLES ANTE USTED O CUALQUIER TERCERO. POR CUALQUIER DA\u00d1O DIRECTO, INDIRECTO, INCIDENTAL, ESPECIAL, EJEMPLAR, PUNITIVO U OTROS DA\u00d1OS BAJO CUALQUIER CONTRATO, NEGLIGENCIA, RESPONSABILIDAD ESTRICTA U OTRA TEOR\u00cdA, O P\u00c9RDIDA DE BENEFICIOS CONSECUENTE, P\u00c9RDIDA DE GANANCIAS, P\u00c9RDIDA DE OPORTUNIDADES DE NEGOCIO, P\u00c9RDIDA DE DATOS, COMUNICACIONES INTERRUMPIDAS , DA\u00d1OS, GASTOS O COSTOS QUE RESULTEN DIRECTA O INDIRECTAMENTE DE O QUE SURJAN DE OTRA MANERA EN RELACI\u00d3N CON ENTIDADES INCORRECTAS.<br><br>Usted acepta que podemos cambiar o interrumpir los servicios a nuestro exclusivo criterio y sin previo aviso. Usted acepta que nuestra \u00fanica obligaci\u00f3n hacia usted es proporcionar el sitio web tal como est\u00e1 hasta que decidamos modificarlo o discontinuarlo. Usted acepta que, a menos que hagamos algo que sea (a) gravemente negligente, imprudente o un acto de conocimiento o mala conducta intencional o (b) una violaci\u00f3n de un estatuto de protecci\u00f3n al consumidor en relaci\u00f3n con el sitio web, no seremos responsables ante usted o a terceros por su uso del sitio web.<\/h6>\n\n\n\n<div style=\"height:30px\" aria-hidden=\"true\" class=\"wp-block-spacer\"><\/div>\n<\/div><\/section>\n\n\n\n<section id=\"gm59b0320\" class=\"wp-block-gutentor-m3 section-gm59b0320 gutentor-module gutentor-container-cover width1000 center\"><div class=\"grid-container\">\n<div style=\"height:10px\" aria-hidden=\"true\" class=\"wp-block-spacer\"><\/div>\n\n\n\n<h4 class=\"wp-block-heading\">Cambios a los t\u00e9rminos de uso<\/h4>\n\n\n\n<h6 class=\"wp-block-heading\"><br>GMS se reserva el derecho, a su exclusivo criterio, de modificar, alterar o actualizar estos T\u00e9rminos en cualquier momento, con o sin previo aviso, sustituyendo el actual por un nuevo Acuerdo de T\u00e9rminos de uso. Consulte esta p\u00e1gina peri\u00f3dicamente para conocer los cambios en los T\u00e9rminos; Podr\u00e1 determinar si los T\u00e9rminos han cambiado desde su visita anterior al ver la informaci\u00f3n de \"\u00daltima actualizaci\u00f3n\" que aparece en la parte superior de este Acuerdo.<\/h6>\n\n\n\n<div style=\"height:30px\" aria-hidden=\"true\" class=\"wp-block-spacer\"><\/div>\n<\/div><\/section>\n\n\n\n<section id=\"gm822faa7\" class=\"wp-block-gutentor-m3 section-gm822faa7 gutentor-module gutentor-container-cover width1000 center\"><div class=\"grid-container\">\n<div style=\"height:10px\" aria-hidden=\"true\" class=\"wp-block-spacer\"><\/div>\n\n\n\n<h5 class=\"wp-block-heading\"><em>Ultima actualizaci\u00f3n: 22 de marzo del 2024<\/em><\/h5>\n\n\n\n<div style=\"height:30px\" aria-hidden=\"true\" class=\"wp-block-spacer\"><\/div>\n<\/div><\/section>\n\n\n\n<div style=\"height:60px\" aria-hidden=\"true\" class=\"wp-block-spacer\"><\/div>\n\n\n<div class=\"wp-block-coblocks-shape-divider is-style-triangle mt-0 mb-0\" style=\"color: #222222;\" aria-hidden=\"true\">\n\t\t\t<div class=\"wp-block-coblocks-shape-divider__svg-wrapper\" style=\"height:15px;\">\n\t\t\t\t<svg class=\"divider--triangle\" viewbox=\"0 0 100 100\" xmlns=\"http:\/\/www.w3.org\/2000\/svg\" preserveaspectratio=\"none\"><path d=\"m0 0 50 100 50-100z\" fillrule=\"evenodd\" transform=\"matrix(1 0 0 -1 0 100)\" \/><\/svg>\n\t\t\t<\/div>\n\t\t\t<div class=\"wp-block-coblocks-shape-divider__alt-wrapper\" style=\"height:10px;\"><\/div>\n\t\t<\/div>","protected":false},"excerpt":{"rendered":"","protected":false},"author":1,"featured_media":0,"parent":0,"menu_order":0,"comment_status":"closed","ping_status":"closed","template":"","meta":{"_coblocks_attr":"","_coblocks_dimensions":"","_coblocks_responsive_height":"","_coblocks_accordion_ie_support":"","_glsr_average":0,"_glsr_ranking":0,"_glsr_reviews":0,"footnotes":""},"class_list":["post-317","page","type-page","status-publish","hentry","entry"],"_links":{"self":[{"href":"https:\/\/guerreromovingservices.com\/es\/wp-json\/wp\/v2\/pages\/317","targetHints":{"allow":["GET"]}}],"collection":[{"href":"https:\/\/guerreromovingservices.com\/es\/wp-json\/wp\/v2\/pages"}],"about":[{"href":"https:\/\/guerreromovingservices.com\/es\/wp-json\/wp\/v2\/types\/page"}],"author":[{"embeddable":true,"href":"https:\/\/guerreromovingservices.com\/es\/wp-json\/wp\/v2\/users\/1"}],"replies":[{"embeddable":true,"href":"https:\/\/guerreromovingservices.com\/es\/wp-json\/wp\/v2\/comments?post=317"}],"version-history":[{"count":5,"href":"https:\/\/guerreromovingservices.com\/es\/wp-json\/wp\/v2\/pages\/317\/revisions"}],"predecessor-version":[{"id":329,"href":"https:\/\/guerreromovingservices.com\/es\/wp-json\/wp\/v2\/pages\/317\/revisions\/329"}],"wp:attachment":[{"href":"https:\/\/guerreromovingservices.com\/es\/wp-json\/wp\/v2\/media?parent=317"}],"curies":[{"name":"wp","href":"https:\/\/api.w.org\/{rel}","templated":true}]}}