{"id":3,"date":"2023-11-26T04:11:50","date_gmt":"2023-11-26T04:11:50","guid":{"rendered":"https:\/\/guerreromovingservices.com\/?page_id=3"},"modified":"2024-03-21T11:53:41","modified_gmt":"2024-03-21T11:53:41","slug":"privacy-policy","status":"publish","type":"page","link":"https:\/\/guerreromovingservices.com\/es\/privacy-policy\/","title":{"rendered":"Pol\u00edtica de privacidad"},"content":{"rendered":"<div style=\"height:100px\" aria-hidden=\"true\" class=\"wp-block-spacer\"><\/div>\n\n\n\n<section id=\"gm5d40a58\" class=\"wp-block-gutentor-m3 section-gm5d40a58 gutentor-module gutentor-container-cover\"><div class=\"grid-container\">\n<div style=\"height:10px\" aria-hidden=\"true\" class=\"wp-block-spacer\"><\/div>\n\n\n\n<h3 class=\"wp-block-heading has-text-align-center has-custom-weight has-custom-transform\" style=\"font-weight:bold;text-transform:uppercase;font-size:40px\">Pol\u00edtica de privacidad<\/h3>\n\n\n\n<div style=\"height:35px\" aria-hidden=\"true\" class=\"wp-block-spacer\"><\/div>\n<\/div><\/section>\n\n\n\n<section id=\"gmad6df2c\" class=\"wp-block-gutentor-m3 section-gmad6df2c gutentor-module gutentor-container-cover width1000 center\"><div class=\"grid-container\">\n<div style=\"height:10px\" aria-hidden=\"true\" class=\"wp-block-spacer\"><\/div>\n\n\n\n<h4 class=\"wp-block-heading\">Recolecci\u00f3n de Cookies<\/h4>\n\n\n\n<h6 class=\"wp-block-heading\">Una cookie es un paquete de informaci\u00f3n que un servidor env\u00eda y recibe a un navegador de la World Wide Web y viceversa cada vez que accede a ese servidor. Estas cookies HTTP son generalmente \u00fatiles para autenticar, rastrear y mantener informaci\u00f3n espec\u00edfica relacionada con el usuario. Cuando completa su informaci\u00f3n en nuestro sitio web, su computadora enviar\u00e1 informaci\u00f3n a nuestro sitio web ayud\u00e1ndonos a reconocer su computadora.&nbsp;<br><br>La informaci\u00f3n general se recopila mediante cookies y sistemas de seguimiento basados \u200b\u200ben servidores para ver el tr\u00e1fico y el uso del sitio web, proporcionados por las funciones de WordPress, herramientas de terceros (es decir, complementos) y los servicios de GoDaddy.com para el cifrado y la protecci\u00f3n de datos. Como las cookies no El bien de cada persona, aceptamos y reforzamos que usted es m\u00e1s que bienvenido a rechazar nuestras cookies en cualquier momento.<\/h6>\n\n\n\n<div style=\"height:30px\" aria-hidden=\"true\" class=\"wp-block-spacer\"><\/div>\n<\/div><\/section>\n\n\n\n<section id=\"gmfe826a8\" class=\"wp-block-gutentor-m3 section-gmfe826a8 gutentor-module gutentor-container-cover width1000 center\"><div class=\"grid-container\">\n<div style=\"height:10px\" aria-hidden=\"true\" class=\"wp-block-spacer\"><\/div>\n\n\n\n<h4 class=\"wp-block-heading\">Sitios web de terceros<\/h4>\n\n\n\n<h6 class=\"wp-block-heading\">Nuestra pol\u00edtica de privacidad sobre cookies solo se restringe a las cookies enviadas por Guerrero Moving Services (GMS) y no a las enviadas por sitios web de terceros si elige acceder a ellos a trav\u00e9s de nuestro sitio. La pol\u00edtica de privacidad y las cl\u00e1usulas de no divulgaci\u00f3n enumeradas aqu\u00ed no se aplican a los sitios web de terceros. Le solicitamos que revise las pol\u00edticas de esos sitios web antes de proporcionar cualquier informaci\u00f3n directamente.<br><br>Algunos complementos de terceros o aplicaciones similares que incorporamos pueden recopilar su informaci\u00f3n personal. Si utiliza los servicios proporcionados por dichos terceros en nuestros servicios, acepta que recopilar\u00e1n y procesar\u00e1n directamente su informaci\u00f3n. La integraci\u00f3n de complementos de terceros puede variar seg\u00fan los servicios individuales. Para obtener detalles sobre la integraci\u00f3n de complementos de terceros en un servicio individual espec\u00edfico, visite la p\u00e1gina del servicio correspondiente y consulte los t\u00e9rminos espec\u00edficos y las p\u00e1ginas relevantes para cada servicio individual.<\/h6>\n\n\n\n<div style=\"height:30px\" aria-hidden=\"true\" class=\"wp-block-spacer\"><\/div>\n<\/div><\/section>\n\n\n\n<section id=\"gm7d72a37\" class=\"wp-block-gutentor-m3 section-gm7d72a37 gutentor-module gutentor-container-cover width1000 center\"><div class=\"grid-container\">\n<div style=\"height:10px\" aria-hidden=\"true\" class=\"wp-block-spacer\"><\/div>\n\n\n\n<h4 class=\"wp-block-heading\">Privacidad para ni\u00f1os<\/h4>\n\n\n\n<h6 class=\"wp-block-heading\">Las personas menores de 13 a\u00f1os no deben proporcionar informaci\u00f3n en nuestro sitio web. No aceptamos solicitudes de cotizaci\u00f3n ni solicitud de ning\u00fan otro servicio proporcionado por nosotros sabiendo que es menor de 13 a\u00f1os. Le solicitamos que nos notifique o nos informe de inmediato si se encuentra con cualquier persona que, menor de 13 a\u00f1os, haya solicitado un servicio en nuestro sitio web.<\/h6>\n\n\n\n<div style=\"height:30px\" aria-hidden=\"true\" class=\"wp-block-spacer\"><\/div>\n<\/div><\/section>\n\n\n\n<section id=\"gmcc7d389\" class=\"wp-block-gutentor-m3 section-gmcc7d389 gutentor-module gutentor-container-cover width1000 center\"><div class=\"grid-container\">\n<div style=\"height:10px\" aria-hidden=\"true\" class=\"wp-block-spacer\"><\/div>\n\n\n\n<h4 class=\"wp-block-heading\">Anuncios<\/h4>\n\n\n\n<h6 class=\"wp-block-heading\">Para brindarle mejor servicios de recomendaci\u00f3n, podemos, a trav\u00e9s de m\u00e9todos que incluyen, entre otros, notificaciones del sistema, mensajes cortos y correos electr\u00f3nicos, enviarle de manera razonable anuncios comerciales, la informaci\u00f3n m\u00e1s reciente sobre administraci\u00f3n y productos en la plataforma, y \u200b\u200botras notificaciones de servicios que los usuarios registrados debe ser informado o mostrarle informaci\u00f3n promocional personalizada de terceros a trav\u00e9s del sistema. En caso de que no desees recibir dicha informaci\u00f3n, podr\u00e1s darte de baja a trav\u00e9s de la funci\u00f3n de baja correspondiente o directamente con el personal.<\/h6>\n\n\n\n<div style=\"height:30px\" aria-hidden=\"true\" class=\"wp-block-spacer\"><\/div>\n<\/div><\/section>\n\n\n\n<section id=\"gm77f9075\" class=\"wp-block-gutentor-m3 section-gm77f9075 gutentor-module gutentor-container-cover width1000 center\"><div class=\"grid-container\">\n<div style=\"height:10px\" aria-hidden=\"true\" class=\"wp-block-spacer\"><\/div>\n\n\n\n<h4 class=\"wp-block-heading\">Uso Internacional de Informaci\u00f3n<\/h4>\n\n\n\n<h6 class=\"wp-block-heading\">Para acceder a algunas de las funciones de este Sitio o utilizar algunos de los Servicios, deber\u00e1 crear una Cuenta o proporcionarnos sus datos esenciales. Usted declara y garantiza a GMS que toda la informaci\u00f3n que env\u00eda cuando crea su Cuenta es precisa, actual y completa, y que mantendr\u00e1 la informaci\u00f3n de su Cuenta precisa, actualizada y completa. Si visita este sitio desde un pa\u00eds distinto del pa\u00eds en el que se encuentran nuestros servidores, sus comunicaciones con nosotros pueden resultar en la transferencia de informaci\u00f3n (incluida la informaci\u00f3n de su Cuenta) a trav\u00e9s de fronteras internacionales. Al visitar este Sitio y comunicarse electr\u00f3nicamente con nosotros, usted acepta dicho uso.<\/h6>\n\n\n\n<div style=\"height:30px\" aria-hidden=\"true\" class=\"wp-block-spacer\"><\/div>\n<\/div><\/section>\n\n\n\n<section id=\"gm323e459\" class=\"wp-block-gutentor-m3 section-gm323e459 gutentor-module gutentor-container-cover width1000 center\"><div class=\"grid-container\">\n<div style=\"height:10px\" aria-hidden=\"true\" class=\"wp-block-spacer\"><\/div>\n\n\n\n<h4 class=\"wp-block-heading\">Cambios en la pol\u00edtica<\/h4>\n\n\n\n<h6 class=\"wp-block-heading\">Cualquier cambio a esta pol\u00edtica de privacidad se publicar\u00e1 aqu\u00ed y, a menos que se indique lo contrario en nuestro sitio web, las actualizaciones proporcionadas en la Pol\u00edtica de privacidad no son tan comunes. Recomendamos revisar peri\u00f3dicamente este acuerdo, ya que cada vez que se aprueba y promulga una ley en una regi\u00f3n donde realizamos negocios, esperamos que las modificaciones correspondientes se reflejen en esta Pol\u00edtica de Privacidad para su cumplimiento.<\/h6>\n\n\n\n<div style=\"height:30px\" aria-hidden=\"true\" class=\"wp-block-spacer\"><\/div>\n<\/div><\/section>\n\n\n\n<section id=\"gme92e031\" class=\"wp-block-gutentor-m3 section-gme92e031 gutentor-module gutentor-container-cover width1000 center\"><div class=\"grid-container\">\n<div style=\"height:10px\" aria-hidden=\"true\" class=\"wp-block-spacer\"><\/div>\n\n\n\n<h5 class=\"wp-block-heading\"><em>Ultima actualizaci\u00f3n: 22 de marzo del 2024<\/em><\/h5>\n\n\n\n<div style=\"height:30px\" aria-hidden=\"true\" class=\"wp-block-spacer\"><\/div>\n<\/div><\/section>\n\n\n\n<div style=\"height:40px\" aria-hidden=\"true\" class=\"wp-block-spacer\"><\/div>\n\n\n\n<h4 class=\"wp-block-heading\"><\/h4>\n\n\n\n<h6 class=\"wp-block-heading\"><\/h6>\n\n\n\n<div style=\"height:40px\" aria-hidden=\"true\" class=\"wp-block-spacer\"><\/div>\n\n\n\n<h4 class=\"wp-block-heading\"><\/h4>\n\n\n\n<h6 class=\"wp-block-heading\"><\/h6>\n\n\n<div class=\"wp-block-coblocks-shape-divider is-style-triangle mt-0 mb-0\" style=\"color: #222222;\" aria-hidden=\"true\">\n\t\t\t<div class=\"wp-block-coblocks-shape-divider__svg-wrapper\" style=\"height:15px;\">\n\t\t\t\t<svg class=\"divider--triangle\" viewbox=\"0 0 100 100\" xmlns=\"http:\/\/www.w3.org\/2000\/svg\" preserveaspectratio=\"none\"><path d=\"m0 0 50 100 50-100z\" fillrule=\"evenodd\" transform=\"matrix(1 0 0 -1 0 100)\" \/><\/svg>\n\t\t\t<\/div>\n\t\t\t<div class=\"wp-block-coblocks-shape-divider__alt-wrapper\" style=\"height:10px;\"><\/div>\n\t\t<\/div>","protected":false},"excerpt":{"rendered":"","protected":false},"author":1,"featured_media":0,"parent":0,"menu_order":0,"comment_status":"closed","ping_status":"closed","template":"template-gutentor-full-width.php","meta":{"_coblocks_attr":"","_coblocks_dimensions":"","_coblocks_responsive_height":"","_coblocks_accordion_ie_support":"","_glsr_average":0,"_glsr_ranking":0,"_glsr_reviews":0,"footnotes":""},"class_list":["post-3","page","type-page","status-publish","hentry","entry"],"_links":{"self":[{"href":"https:\/\/guerreromovingservices.com\/es\/wp-json\/wp\/v2\/pages\/3","targetHints":{"allow":["GET"]}}],"collection":[{"href":"https:\/\/guerreromovingservices.com\/es\/wp-json\/wp\/v2\/pages"}],"about":[{"href":"https:\/\/guerreromovingservices.com\/es\/wp-json\/wp\/v2\/types\/page"}],"author":[{"embeddable":true,"href":"https:\/\/guerreromovingservices.com\/es\/wp-json\/wp\/v2\/users\/1"}],"replies":[{"embeddable":true,"href":"https:\/\/guerreromovingservices.com\/es\/wp-json\/wp\/v2\/comments?post=3"}],"version-history":[{"count":8,"href":"https:\/\/guerreromovingservices.com\/es\/wp-json\/wp\/v2\/pages\/3\/revisions"}],"predecessor-version":[{"id":328,"href":"https:\/\/guerreromovingservices.com\/es\/wp-json\/wp\/v2\/pages\/3\/revisions\/328"}],"wp:attachment":[{"href":"https:\/\/guerreromovingservices.com\/es\/wp-json\/wp\/v2\/media?parent=3"}],"curies":[{"name":"wp","href":"https:\/\/api.w.org\/{rel}","templated":true}]}}